{"id":13410,"date":"2021-12-29T10:50:47","date_gmt":"2021-12-29T16:50:47","guid":{"rendered":"https:\/\/smb.org.mx\/?page_id=13410"},"modified":"2021-12-29T10:50:47","modified_gmt":"2021-12-29T16:50:47","slug":"about-us","status":"publish","type":"page","link":"https:\/\/smb.org.mx\/en\/about-us\/","title":{"rendered":"About us"},"content":{"rendered":"<div class=\"wpb-content-wrapper\"><p>[vc_row css_animation=&#8221;&#8221; row_type=&#8221;row&#8221; use_row_as_full_screen_section=&#8221;no&#8221; type=&#8221;full_width&#8221; angled_section=&#8221;no&#8221; text_align=&#8221;left&#8221; background_image_as_pattern=&#8221;without_pattern&#8221; z_index=&#8221;&#8221; padding_bottom=&#8221;60&#8243;][vc_column][vc_column_text]The Mexican Society of Biochemistry (Sociedad Mexicana de Bioqu\u00edmica, A.C.; SMB) was founded in 1957 by 14 enthusiastic scientists at the down of their research work in Biochemistry in M\u00e9xico. Our society is a non-profit, scientific professional society formed by professional scientists and graduate students. Our Society includes 848 scientists whose work and duties are related to biochemistry. The vast majority are part of scientific institutes, research centers, Ph. D. schools from across the country, and some members from abroad. We aim to promote communication of the scientific work of our members by organizing meetings and seminars on the state-of-the-art in biochemical topics. Our National Congress, which gathers around 1500 members every other year for a whole week is packed with up-to-date symposia and seminars, is one of the most important activities of the SMB. Along with this, the SMB has a solid commitment to teaching science, particularly Biochemistry, to promote science literacy and the formation of New Mexican researchers.[\/vc_column_text][\/vc_column][\/vc_row][vc_row css_animation=&#8221;&#8221; row_type=&#8221;row&#8221; use_row_as_full_screen_section=&#8221;no&#8221; type=&#8221;full_width&#8221; angled_section=&#8221;no&#8221; text_align=&#8221;left&#8221; background_image_as_pattern=&#8221;without_pattern&#8221;][vc_column width=&#8221;1\/2&#8243;][vc_single_image image=&#8221;10778&#8243; img_size=&#8221;large&#8221; qode_css_animation=&#8221;&#8221;][\/vc_column][vc_column width=&#8221;1\/2&#8243;][vc_column_text]<\/p>\n<h2>July 1st, 1957<\/h2>\n<p>[\/vc_column_text][vc_row_inner row_type=&#8221;row&#8221; type=&#8221;full_width&#8221; text_align=&#8221;left&#8221; css_animation=&#8221;&#8221;][vc_column_inner width=&#8221;1\/2&#8243;][vc_column_text]<strong>First row:<\/strong>[\/vc_column_text]<div class='q_list circle'><\/p>\n<ul>\n<li>Mario Garc\u00eda Hern\u00e1ndez<\/li>\n<li>Guillermo Massieu Helguera<\/li>\n<li>Guillermo Sober\u00f3n Acevedo<\/li>\n<li>Guillermo Carvajal Sandoval<\/li>\n<li>Edmundo Calva Cuadrilla<\/li>\n<li>Barbar\u00edn Arregu\u00edn Lozano<\/li>\n<li>Joaqu\u00edn Cravioto Mu\u00f1oz<\/li>\n<\/ul>\n<p><\/div>[\/vc_column_inner][vc_column_inner width=&#8221;1\/2&#8243;][vc_column_text]<strong>Second row:<\/strong>[\/vc_column_text]<div class='q_list circle'><\/p>\n<ul>\n<li>Jes\u00fas Guzm\u00e1n Garc\u00eda<\/li>\n<li>Carlos del Rio Estrada<\/li>\n<li>Ra\u00fal Ondarza Vidaurreta<\/li>\n<li>Jos\u00e9 Laguna Garc\u00eda<\/li>\n<li>Sivestre Frenk Freund<\/li>\n<li>Efra\u00edn Pardo Codina<\/li>\n<li>Jes\u00fas Kumate Rodr\u00edguez<\/li>\n<\/ul>\n<p><\/div>[\/vc_column_inner][\/vc_row_inner][\/vc_column][\/vc_row][vc_row css_animation=&#8221;&#8221; row_type=&#8221;row&#8221; use_row_as_full_screen_section=&#8221;no&#8221; type=&#8221;full_width&#8221; angled_section=&#8221;no&#8221; text_align=&#8221;left&#8221; background_image_as_pattern=&#8221;without_pattern&#8221; z_index=&#8221;&#8221; padding_top=&#8221;60&#8243; padding_bottom=&#8221;60&#8243;][vc_column][vc_column_text]<\/p>\n<h3>Mission<\/h3>\n<p>Our mission is to promote progress and education of Biochemistry in M\u00e9xico and to favor ties between research groups in our country and abroad.[\/vc_column_text][\/vc_column][\/vc_row][vc_row css_animation=&#8221;&#8221; row_type=&#8221;row&#8221; use_row_as_full_screen_section=&#8221;no&#8221; type=&#8221;full_width&#8221; angled_section=&#8221;no&#8221; text_align=&#8221;left&#8221; background_image_as_pattern=&#8221;without_pattern&#8221; z_index=&#8221;&#8221; padding_bottom=&#8221;60&#8243;][vc_column width=&#8221;1\/2&#8243;][vc_column_text]<\/p>\n<h2>Executive Committee (2021-2023)<\/h2>\n<p>[\/vc_column_text]<div class='q_list circle'><\/p>\n<ul>\n<li>Dra. Soledad Mar\u00eda Teresa Hern\u00e1ndez Sotomayor<br \/>\n<strong>President<\/strong><\/li>\n<li>Dr. Agust\u00edn Guerrero Hern\u00e1ndez<br \/>\n<strong>Vice president<\/strong><\/li>\n<li>Dra. Bertha Gonz\u00e1lez Pedrajo<br \/>\n<strong>Secretary\/Treasurer<\/strong><\/li>\n<li>Dra. Mar\u00eda de Lourdes Girard Cuesy<br \/>\n<strong>Treasurer Sub secretary<\/strong><\/li>\n<\/ul>\n<p><\/div>[\/vc_column][vc_column width=&#8221;1\/2&#8243;][vc_column_text]<\/p>\n<h2>Membership Committee 2021-2023<\/h2>\n<p>[\/vc_column_text]<div class='q_list circle'><\/p>\n<ul>\n<li>Dr. Agust\u00edn Guerrero Hern\u00e1ndez (CINVESTAV)<br \/>\n<strong>President<\/strong><\/li>\n<li>Dra. Susana Castro Obreg\u00f3n (Instituto de Fisiolog\u00eda Celular, UNAM)<\/li>\n<li>Dra. Emma Bertha Guti\u00e9rrez Cirlos Madrid (FES-Iztacala, UNAM)<\/li>\n<li>Dra. Mina Konisgberg Fainstein (UAM, Iztapalapa)<\/li>\n<li>Dra. Lina Riego Ruiz (IPICYT, San Luis Potos\u00ed)<\/li>\n<\/ul>\n<p><\/div>[\/vc_column][\/vc_row]<\/p>\n<\/div>","protected":false},"excerpt":{"rendered":"<p>[vc_row css_animation=&#8221;&#8221; row_type=&#8221;row&#8221; use_row_as_full_screen_section=&#8221;no&#8221; type=&#8221;full_width&#8221; angled_section=&#8221;no&#8221; text_align=&#8221;left&#8221; background_image_as_pattern=&#8221;without_pattern&#8221; z_index=&#8221;&#8221; padding_bottom=&#8221;60&#8243;][vc_column][vc_column_text]The Mexican Society of Biochemistry (Sociedad Mexicana de Bioqu\u00edmica, A.C.; SMB) was founded in 1957 by 14 enthusiastic scientists at the&#8230;<\/p>\n","protected":false},"author":6,"featured_media":0,"parent":0,"menu_order":0,"comment_status":"closed","ping_status":"closed","template":"","meta":{"footnotes":""},"class_list":["post-13410","page","type-page","status-publish","hentry"],"_links":{"self":[{"href":"https:\/\/smb.org.mx\/en\/wp-json\/wp\/v2\/pages\/13410","targetHints":{"allow":["GET"]}}],"collection":[{"href":"https:\/\/smb.org.mx\/en\/wp-json\/wp\/v2\/pages"}],"about":[{"href":"https:\/\/smb.org.mx\/en\/wp-json\/wp\/v2\/types\/page"}],"author":[{"embeddable":true,"href":"https:\/\/smb.org.mx\/en\/wp-json\/wp\/v2\/users\/6"}],"replies":[{"embeddable":true,"href":"https:\/\/smb.org.mx\/en\/wp-json\/wp\/v2\/comments?post=13410"}],"version-history":[{"count":4,"href":"https:\/\/smb.org.mx\/en\/wp-json\/wp\/v2\/pages\/13410\/revisions"}],"predecessor-version":[{"id":13414,"href":"https:\/\/smb.org.mx\/en\/wp-json\/wp\/v2\/pages\/13410\/revisions\/13414"}],"wp:attachment":[{"href":"https:\/\/smb.org.mx\/en\/wp-json\/wp\/v2\/media?parent=13410"}],"curies":[{"name":"wp","href":"https:\/\/api.w.org\/{rel}","templated":true}]}}