{"id":13418,"date":"2021-12-29T11:23:25","date_gmt":"2021-12-29T17:23:25","guid":{"rendered":"https:\/\/smb.org.mx\/?page_id=13418"},"modified":"2022-01-14T10:31:39","modified_gmt":"2022-01-14T16:31:39","slug":"founding-members","status":"publish","type":"page","link":"https:\/\/smb.org.mx\/en\/founding-members\/","title":{"rendered":"Founding Members"},"content":{"rendered":"<div class=\"wpb-content-wrapper\"><p>[vc_row css_animation=&#8221;&#8221; row_type=&#8221;row&#8221; use_row_as_full_screen_section=&#8221;no&#8221; type=&#8221;full_width&#8221; angled_section=&#8221;no&#8221; text_align=&#8221;left&#8221; background_image_as_pattern=&#8221;without_pattern&#8221;][vc_column][vc_column_text]<strong>DR. BARBAR\u00cdN ARREGU\u00cdN LOZANO<\/strong><br \/>\n<strong>DR. EDMUNDO CALVA CUADRILLA\u00a0(\u2020)<\/strong><br \/>\n<strong>DR. GUILLERMO CARVAJAL SANDOVAL\u00a0(\u2020)<\/strong><br \/>\n<strong>DR. JOAQU\u00cdN CRAVIOTO (\u2020)<\/strong><br \/>\n<strong>DR. CARLOS DEL R\u00cdO ESTRADA (\u2020)<\/strong><br \/>\n<strong>DR. SILVESTRE FRENK FREUND<\/strong><br \/>\n<strong>DR. MARIO GARC\u00cdA HERN\u00c1NDEZ (\u2020)<\/strong><br \/>\n<strong>DR. JES\u00daS GUZM\u00c1N GARC\u00cdA\u00a0(\u2020)<\/strong><br \/>\n<strong>DR. JES\u00daS KUMATE RODR\u00cdGUEZ\u00a0(\u2020)<\/strong><br \/>\n<strong>DR. JOS\u00c9 LAGUNA GARC\u00cdA\u00a0(\u2020)<\/strong><br \/>\n<strong>DR. GUILLERMO MASSLEU HELGUERA (\u2020)<\/strong><br \/>\n<strong>DR. RA\u00daL ONDARZA VIDAURRETA<\/strong><br \/>\n<strong>DR. EFRA\u00cdN G. PARDO CODINA<\/strong><br \/>\n<strong>DR. GUILLERMO SOBER\u00d3N ACEVEDO<\/strong><br \/>\n[\/vc_column_text][\/vc_column][\/vc_row]<\/p>\n<\/div>","protected":false},"excerpt":{"rendered":"<p>[vc_row css_animation=&#8221;&#8221; row_type=&#8221;row&#8221; use_row_as_full_screen_section=&#8221;no&#8221; type=&#8221;full_width&#8221; angled_section=&#8221;no&#8221; text_align=&#8221;left&#8221; background_image_as_pattern=&#8221;without_pattern&#8221;][vc_column][vc_column_text]DR. BARBAR\u00cdN ARREGU\u00cdN LOZANO DR. EDMUNDO CALVA CUADRILLA\u00a0(\u2020) DR. GUILLERMO CARVAJAL SANDOVAL\u00a0(\u2020) DR. JOAQU\u00cdN CRAVIOTO (\u2020) DR. CARLOS DEL R\u00cdO ESTRADA (\u2020) DR&#8230;.<\/p>\n","protected":false},"author":6,"featured_media":0,"parent":0,"menu_order":0,"comment_status":"closed","ping_status":"closed","template":"","meta":{"footnotes":""},"class_list":["post-13418","page","type-page","status-publish","hentry"],"_links":{"self":[{"href":"https:\/\/smb.org.mx\/en\/wp-json\/wp\/v2\/pages\/13418","targetHints":{"allow":["GET"]}}],"collection":[{"href":"https:\/\/smb.org.mx\/en\/wp-json\/wp\/v2\/pages"}],"about":[{"href":"https:\/\/smb.org.mx\/en\/wp-json\/wp\/v2\/types\/page"}],"author":[{"embeddable":true,"href":"https:\/\/smb.org.mx\/en\/wp-json\/wp\/v2\/users\/6"}],"replies":[{"embeddable":true,"href":"https:\/\/smb.org.mx\/en\/wp-json\/wp\/v2\/comments?post=13418"}],"version-history":[{"count":3,"href":"https:\/\/smb.org.mx\/en\/wp-json\/wp\/v2\/pages\/13418\/revisions"}],"predecessor-version":[{"id":13648,"href":"https:\/\/smb.org.mx\/en\/wp-json\/wp\/v2\/pages\/13418\/revisions\/13648"}],"wp:attachment":[{"href":"https:\/\/smb.org.mx\/en\/wp-json\/wp\/v2\/media?parent=13418"}],"curies":[{"name":"wp","href":"https:\/\/api.w.org\/{rel}","templated":true}]}}